{"id":25,"date":"2014-02-11T12:52:50","date_gmt":"2014-02-11T12:52:50","guid":{"rendered":"http:\/\/www.mbasesoresmadrid.com\/?page_id=25"},"modified":"2014-06-11T06:22:02","modified_gmt":"2014-06-11T06:22:02","slug":"abogados","status":"publish","type":"page","link":"https:\/\/www.mbasesoresmadrid.com\/?page_id=25","title":{"rendered":"Abogados"},"content":{"rendered":"<p>&nbsp;<\/p>\n<p><img decoding=\"async\" loading=\"lazy\" class=\"alignright size-medium wp-image-79\" alt=\"1\" src=\"http:\/\/www.mbasesoresmadrid.com\/wp-content\/uploads\/2014\/02\/1-300x168.jpg\" width=\"300\" height=\"168\" srcset=\"https:\/\/www.mbasesoresmadrid.com\/wp-content\/uploads\/2014\/02\/1-300x168.jpg 300w, https:\/\/www.mbasesoresmadrid.com\/wp-content\/uploads\/2014\/02\/1-1024x576.jpg 1024w\" sizes=\"(max-width: 300px) 100vw, 300px\" \/><\/p>\n<p>Asesoramiento civil, contratos, servidumbres, permutas, mandatos, incapacitaciones, tutelas, etc.<\/p>\n<p>Derecho hereditario<\/p>\n<p>Derecho de familia, separaciones, divorcios, filiaciones, reclamaci\u00f3n de alimentos.<\/p>\n<p>Asesoramiento penal, juicio de faltas, juicios r\u00e1pidos, violencia de g\u00e9nero, procedimientos abreviados.<\/p>\n<p>Asesoramiento laboral, contrataci\u00f3n seguridad social, despidos, bonificaciones a la contrataci\u00f3n, otros.<\/p>\n<p>Asesoramiento empresarial, creaci\u00f3n de empresas.<\/p>\n<p>Asesoramiento administrativo, recursos.<\/p>\n","protected":false},"excerpt":{"rendered":"<p>&nbsp; Asesoramiento civil, contratos, servidumbres, permutas, mandatos, incapacitaciones, tutelas, etc. Derecho hereditario Derecho de familia, separaciones, divorcios, filiaciones, reclamaci\u00f3n de alimentos. Asesoramiento penal, juicio de faltas, juicios r\u00e1pidos, violencia de g\u00e9nero, procedimientos abreviados. Asesoramiento laboral, contrataci\u00f3n seguridad social, despidos, bonificaciones a la contrataci\u00f3n, otros. Asesoramiento empresarial, creaci\u00f3n de empresas. Asesoramiento administrativo, recursos.<\/p>\n","protected":false},"author":1,"featured_media":87,"parent":0,"menu_order":0,"comment_status":"closed","ping_status":"open","template":"page-full.php","meta":[],"_links":{"self":[{"href":"https:\/\/www.mbasesoresmadrid.com\/index.php?rest_route=\/wp\/v2\/pages\/25"}],"collection":[{"href":"https:\/\/www.mbasesoresmadrid.com\/index.php?rest_route=\/wp\/v2\/pages"}],"about":[{"href":"https:\/\/www.mbasesoresmadrid.com\/index.php?rest_route=\/wp\/v2\/types\/page"}],"author":[{"embeddable":true,"href":"https:\/\/www.mbasesoresmadrid.com\/index.php?rest_route=\/wp\/v2\/users\/1"}],"replies":[{"embeddable":true,"href":"https:\/\/www.mbasesoresmadrid.com\/index.php?rest_route=%2Fwp%2Fv2%2Fcomments&post=25"}],"version-history":[{"count":10,"href":"https:\/\/www.mbasesoresmadrid.com\/index.php?rest_route=\/wp\/v2\/pages\/25\/revisions"}],"predecessor-version":[{"id":81,"href":"https:\/\/www.mbasesoresmadrid.com\/index.php?rest_route=\/wp\/v2\/pages\/25\/revisions\/81"}],"wp:featuredmedia":[{"embeddable":true,"href":"https:\/\/www.mbasesoresmadrid.com\/index.php?rest_route=\/wp\/v2\/media\/87"}],"wp:attachment":[{"href":"https:\/\/www.mbasesoresmadrid.com\/index.php?rest_route=%2Fwp%2Fv2%2Fmedia&parent=25"}],"curies":[{"name":"wp","href":"https:\/\/api.w.org\/{rel}","templated":true}]}}