{"id":30,"date":"2014-02-11T19:05:57","date_gmt":"2014-02-11T19:05:57","guid":{"rendered":"http:\/\/www.mbasesoresmadrid.com\/?page_id=30"},"modified":"2015-05-11T08:52:51","modified_gmt":"2015-05-11T08:52:51","slug":"comunidades","status":"publish","type":"page","link":"https:\/\/www.mbasesoresmadrid.com\/?page_id=30","title":{"rendered":"Laboral"},"content":{"rendered":"<p>La gesti\u00f3n ante la Administraci\u00f3n es una cuesti\u00f3n de confianza. En nosotros encontrar\u00e1 a profesionales fiables y cualificados en la actuaci\u00f3n ante las distintas administraciones.<\/p>\n<p><a href=\"http:\/\/www.mbasesoresmadrid.com\/wp-content\/uploads\/2014\/02\/4.jpg\"><img decoding=\"async\" loading=\"lazy\" class=\"size-medium wp-image-84 alignright\" src=\"http:\/\/www.mbasesoresmadrid.com\/wp-content\/uploads\/2014\/02\/4-300x168.jpg\" alt=\"4\" width=\"300\" height=\"168\" srcset=\"https:\/\/www.mbasesoresmadrid.com\/wp-content\/uploads\/2014\/02\/4-300x168.jpg 300w, https:\/\/www.mbasesoresmadrid.com\/wp-content\/uploads\/2014\/02\/4-1024x576.jpg 1024w\" sizes=\"(max-width: 300px) 100vw, 300px\" \/><\/a><\/p>\n<p>&nbsp;<\/p>\n<ul>\n<li>Asesoramiento laboral.<\/li>\n<li>Confecci\u00f3n de nominas.<\/li>\n<li>Seguros sociales.<\/li>\n<li>Liquidaciones.<\/li>\n<li>Finiquitos<\/li>\n<\/ul>\n<p>Ademas de cualquier gesti\u00f3n ante la administraci\u00f3n laboral.<\/p>\n","protected":false},"excerpt":{"rendered":"<p>La gesti\u00f3n ante la Administraci\u00f3n es una cuesti\u00f3n de confianza. En nosotros encontrar\u00e1 a profesionales fiables y cualificados en la actuaci\u00f3n ante las distintas administraciones. &nbsp; Asesoramiento laboral. Confecci\u00f3n de nominas. Seguros sociales. Liquidaciones. Finiquitos Ademas de cualquier gesti\u00f3n ante la administraci\u00f3n laboral.<\/p>\n","protected":false},"author":1,"featured_media":89,"parent":0,"menu_order":0,"comment_status":"closed","ping_status":"closed","template":"page-full.php","meta":[],"_links":{"self":[{"href":"https:\/\/www.mbasesoresmadrid.com\/index.php?rest_route=\/wp\/v2\/pages\/30"}],"collection":[{"href":"https:\/\/www.mbasesoresmadrid.com\/index.php?rest_route=\/wp\/v2\/pages"}],"about":[{"href":"https:\/\/www.mbasesoresmadrid.com\/index.php?rest_route=\/wp\/v2\/types\/page"}],"author":[{"embeddable":true,"href":"https:\/\/www.mbasesoresmadrid.com\/index.php?rest_route=\/wp\/v2\/users\/1"}],"replies":[{"embeddable":true,"href":"https:\/\/www.mbasesoresmadrid.com\/index.php?rest_route=%2Fwp%2Fv2%2Fcomments&post=30"}],"version-history":[{"count":12,"href":"https:\/\/www.mbasesoresmadrid.com\/index.php?rest_route=\/wp\/v2\/pages\/30\/revisions"}],"predecessor-version":[{"id":96,"href":"https:\/\/www.mbasesoresmadrid.com\/index.php?rest_route=\/wp\/v2\/pages\/30\/revisions\/96"}],"wp:featuredmedia":[{"embeddable":true,"href":"https:\/\/www.mbasesoresmadrid.com\/index.php?rest_route=\/wp\/v2\/media\/89"}],"wp:attachment":[{"href":"https:\/\/www.mbasesoresmadrid.com\/index.php?rest_route=%2Fwp%2Fv2%2Fmedia&parent=30"}],"curies":[{"name":"wp","href":"https:\/\/api.w.org\/{rel}","templated":true}]}}