{"id":64,"date":"2014-02-13T20:13:51","date_gmt":"2014-02-13T20:13:51","guid":{"rendered":"http:\/\/www.mbasesoresmadrid.com\/?page_id=64"},"modified":"2014-06-11T06:23:18","modified_gmt":"2014-06-11T06:23:18","slug":"fiscal","status":"publish","type":"page","link":"https:\/\/www.mbasesoresmadrid.com\/?page_id=64","title":{"rendered":"Fiscal"},"content":{"rendered":"<h1>Servicio de asesoramiento y gesti\u00f3n fiscal<\/h1>\n<p>C\u00e1lculo, confecci\u00f3n y tramitaci\u00f3n de las obligaciones fiscales relacionadas con:<\/p>\n<p><a href=\"http:\/\/www.mbasesoresmadrid.com\/wp-content\/uploads\/2014\/02\/file9051263254096.jpg\"><img decoding=\"async\" loading=\"lazy\" class=\"alignright size-medium wp-image-65\" alt=\"file9051263254096\" src=\"http:\/\/www.mbasesoresmadrid.com\/wp-content\/uploads\/2014\/02\/file9051263254096-300x199.jpg\" width=\"300\" height=\"199\" srcset=\"https:\/\/www.mbasesoresmadrid.com\/wp-content\/uploads\/2014\/02\/file9051263254096-300x199.jpg 300w, https:\/\/www.mbasesoresmadrid.com\/wp-content\/uploads\/2014\/02\/file9051263254096-1024x680.jpg 1024w\" sizes=\"(max-width: 300px) 100vw, 300px\" \/><\/a><\/p>\n<h3><b>IVA:<\/b><\/h3>\n<ul>\n<li>Modelo 303 (IVA) Trimestral.<\/li>\n<li>Modelo 390 (IVA) resumen anual.<\/li>\n<li>Modelo 347 declaraci\u00f3n anual de operaciones con terceros.<\/li>\n<li>Modelo 349 declaraci\u00f3n anual o trimestral de operaciones comunitarias.<\/li>\n<\/ul>\n<p>&nbsp;<\/p>\n<h3><b>I.R.P.F. (Trabajadores y profesionales):<\/b><\/h3>\n<ul>\n<li>Modelo 111 (retenciones I.R.P.F. sobre trabajadores y profesionales) trimestral.<\/li>\n<li>Modelo 190 (retenciones I.R.P.F. sobre trabajadores y profesionales) anual.<\/li>\n<\/ul>\n<p>&nbsp;<\/p>\n<h3><b>I.R.P.F. (Alquiler):<\/b><\/h3>\n<ul>\n<li>Modelo 115(retenci\u00f3n I.R.P.F. sobre Alquileres) trimestral.<\/li>\n<li>Modelo 180 retenci\u00f3n I.R.P.F. sobre Alquileres) anual.<\/li>\n<\/ul>\n<p>&nbsp;<\/p>\n<h3><b>Confecci\u00f3n de I.R.P.F. (Declaraci\u00f3n de la Renta)<\/b><\/h3>\n<ul>\n<li>Modelo 100 (Declaraci\u00f3n de la Renta de las Personas F\u00edsicas)<\/li>\n<\/ul>\n<p><b>\u00a0<\/b><\/p>\n<h3><b>Confecci\u00f3n del Impuesto de Sociedades:<\/b><\/h3>\n<p>Teniendo como base la informaci\u00f3n existente en la Contabilidad Oficial se realizar\u00e1n los ajustes extracontables necesarios, para la realizaci\u00f3n del Impuesto de Sociedades; as\u00ed como el estudio pormenorizado de todas las desgravaciones, particularidades y beneficios que sean aplicables seg\u00fan la legislaci\u00f3n vigente en la presentaci\u00f3n de dicho impuesto.<\/p>\n<ul>\n<li>Modelo 202 pago a cuenta Impuesto de Sociedades.<\/li>\n<li>Modelo 200 Impuesto de Sociedades (anual)<\/li>\n<\/ul>\n<p>&nbsp;<\/p>\n<h3><b>Planificaci\u00f3n fiscal:<\/b><\/h3>\n<p>An\u00e1lisis y estudio globalizado del cliente, para la aplicaci\u00f3n de deducciones y beneficios fiscales previstos en la legislaci\u00f3n vigente, buscando minimizar el coste fiscal.<\/p>\n<p>&nbsp;<\/p>\n<h3><b>Asesoramiento permanente<\/b>:<\/h3>\n<p>Atenci\u00f3n permanente por parte de nuestros expertos, sobre todo tipo de cuestiones que pueda plantear el cliente sobre sus obligaciones tributarias y as\u00ed mismo de aquellas novedades que puedan afectarla.<\/p>\n<p>&nbsp;<\/p>\n<p>En Asesor\u00eda Fiscal cubrimos entre otros los siguientes aspectos:<\/p>\n<ul>\n<li>Confecci\u00f3n Modelo 390 (Resumen anual IVA)<\/li>\n<li>Confecci\u00f3n modelo 190 (Resumen anual IRPF)<\/li>\n<li>Confecci\u00f3n Modelo 180 (Resumen anual Retenciones Alquileres)<\/li>\n<li>Confecci\u00f3n Modelo 347 (Operaciones m\u00e1s de 3.005,06 \u20ac)<\/li>\n<li>Alta\/Baja\/Variaci\u00f3n I.A.E.<\/li>\n<li>Alta\/Baja\/Variaci\u00f3n Censal (Mod. 036\/037)<\/li>\n<li>Reclamaciones ante la Agencia Tributaria<\/li>\n<li>Gestiones en Hacienda<\/li>\n<li>Solicitud C.I.F<\/li>\n<li>Confecci\u00f3n Trimestral modelo 303 (IVA)<\/li>\n<li>Confecci\u00f3n Trimestral Modelo 111 (Retenciones Trabajadores IRPF)<\/li>\n<li>Confecci\u00f3n Trimestral Modelo 130 (Retenciones Profesionales IRPF)<\/li>\n<li>Confecci\u00f3n Modelo 115 (Retenciones IRPF alquileres)<\/li>\n<li>Solicitud CIF definitivo<\/li>\n<\/ul>\n","protected":false},"excerpt":{"rendered":"<p>Servicio de asesoramiento y gesti\u00f3n fiscal C\u00e1lculo, confecci\u00f3n y tramitaci\u00f3n de las obligaciones fiscales relacionadas con: IVA: Modelo 303 (IVA) Trimestral. Modelo 390 (IVA) resumen anual. Modelo 347 declaraci\u00f3n anual de operaciones con terceros. Modelo 349 declaraci\u00f3n anual o trimestral de operaciones comunitarias. &nbsp; I.R.P.F. (Trabajadores y profesionales): Modelo 111 (retenciones I.R.P.F. sobre trabajadores y [&hellip;]<\/p>\n","protected":false},"author":1,"featured_media":88,"parent":0,"menu_order":0,"comment_status":"closed","ping_status":"closed","template":"page-full.php","meta":[],"_links":{"self":[{"href":"https:\/\/www.mbasesoresmadrid.com\/index.php?rest_route=\/wp\/v2\/pages\/64"}],"collection":[{"href":"https:\/\/www.mbasesoresmadrid.com\/index.php?rest_route=\/wp\/v2\/pages"}],"about":[{"href":"https:\/\/www.mbasesoresmadrid.com\/index.php?rest_route=\/wp\/v2\/types\/page"}],"author":[{"embeddable":true,"href":"https:\/\/www.mbasesoresmadrid.com\/index.php?rest_route=\/wp\/v2\/users\/1"}],"replies":[{"embeddable":true,"href":"https:\/\/www.mbasesoresmadrid.com\/index.php?rest_route=%2Fwp%2Fv2%2Fcomments&post=64"}],"version-history":[{"count":3,"href":"https:\/\/www.mbasesoresmadrid.com\/index.php?rest_route=\/wp\/v2\/pages\/64\/revisions"}],"predecessor-version":[{"id":83,"href":"https:\/\/www.mbasesoresmadrid.com\/index.php?rest_route=\/wp\/v2\/pages\/64\/revisions\/83"}],"wp:featuredmedia":[{"embeddable":true,"href":"https:\/\/www.mbasesoresmadrid.com\/index.php?rest_route=\/wp\/v2\/media\/88"}],"wp:attachment":[{"href":"https:\/\/www.mbasesoresmadrid.com\/index.php?rest_route=%2Fwp%2Fv2%2Fmedia&parent=64"}],"curies":[{"name":"wp","href":"https:\/\/api.w.org\/{rel}","templated":true}]}}